{"id":1107,"date":"2024-05-16T20:09:28","date_gmt":"2024-05-16T20:09:28","guid":{"rendered":"https:\/\/construtorabier.com.br\/novosite\/?page_id=1107"},"modified":"2024-06-28T14:36:47","modified_gmt":"2024-06-28T14:36:47","slug":"formulario-terreno","status":"publish","type":"page","link":"https:\/\/construtorabier.com.br\/site\/formulario-terreno\/","title":{"rendered":"Formul\u00e1rio Terreno"},"content":{"rendered":"\t\t<div data-elementor-type=\"wp-page\" data-elementor-id=\"1107\" class=\"elementor elementor-1107\" data-elementor-post-type=\"page\">\n\t\t\t\t<div class=\"elementor-element elementor-element-37fbfd2 e-flex e-con-boxed e-con e-parent\" data-id=\"37fbfd2\" data-element_type=\"container\" data-e-type=\"container\" data-settings=\"{&quot;background_background&quot;:&quot;classic&quot;}\">\n\t\t\t\t\t<div class=\"e-con-inner\">\n\t\t\t\t<div class=\"elementor-element elementor-element-eae1904 elementor-widget elementor-widget-heading\" data-id=\"eae1904\" data-element_type=\"widget\" data-e-type=\"widget\" data-widget_type=\"heading.default\">\n\t\t\t\t<div class=\"elementor-widget-container\">\n\t\t\t\t\t<h1 class=\"elementor-heading-title elementor-size-default\">Compramos seu terreno<\/h1>\t\t\t\t<\/div>\n\t\t\t\t<\/div>\n\t\t\t\t<div class=\"elementor-element elementor-element-7af09d9 elementor-widget elementor-widget-heading\" data-id=\"7af09d9\" data-element_type=\"widget\" data-e-type=\"widget\" data-widget_type=\"heading.default\">\n\t\t\t\t<div class=\"elementor-widget-container\">\n\t\t\t\t\t<h2 class=\"elementor-heading-title elementor-size-default\">Preencha este formul\u00e1rio simples e receba a apresenta\u00e7\u00e3o do empreendimento e muito mais!<\/h2>\t\t\t\t<\/div>\n\t\t\t\t<\/div>\n\t\t\t\t\t<\/div>\n\t\t\t\t<\/div>\n\t\t<div class=\"elementor-element elementor-element-82b19b4 e-flex e-con-boxed e-con e-parent\" data-id=\"82b19b4\" data-element_type=\"container\" data-e-type=\"container\">\n\t\t\t\t\t<div class=\"e-con-inner\">\n\t\t\t\t<div class=\"elementor-element elementor-element-26403f7 elementor-button-align-center elementor-widget elementor-widget-form\" data-id=\"26403f7\" data-element_type=\"widget\" data-e-type=\"widget\" data-settings=\"{&quot;step_next_label&quot;:&quot;Pr\\u00f3ximo&quot;,&quot;step_previous_label&quot;:&quot;Anterior&quot;,&quot;button_width&quot;:&quot;100&quot;,&quot;step_type&quot;:&quot;number_text&quot;,&quot;step_icon_shape&quot;:&quot;circle&quot;}\" data-widget_type=\"form.default\">\n\t\t\t\t<div class=\"elementor-widget-container\">\n\t\t\t\t\t\t\t<form class=\"elementor-form\" method=\"post\" id=\"terreno\" name=\"Compramos seu terreno\" aria-label=\"Compramos seu terreno\">\n\t\t\t<input type=\"hidden\" name=\"post_id\" value=\"1107\"\/>\n\t\t\t<input type=\"hidden\" name=\"form_id\" value=\"26403f7\"\/>\n\t\t\t<input type=\"hidden\" name=\"referer_title\" value=\"Formul\u00e1rio Terreno - Construtora Bier\" \/>\n\n\t\t\t\t\t\t\t<input type=\"hidden\" name=\"queried_id\" value=\"1107\"\/>\n\t\t\t\n\t\t\t<div class=\"elementor-form-fields-wrapper elementor-labels-above\">\n\t\t\t\t\t\t\t\t<div class=\"elementor-field-type-text elementor-field-group elementor-column elementor-field-group-name elementor-col-100\">\n\t\t\t\t\t\t\t\t\t\t\t\t<label for=\"form-field-name\" class=\"elementor-field-label\">\n\t\t\t\t\t\t\t\tNome\t\t\t\t\t\t\t<\/label>\n\t\t\t\t\t\t\t\t\t\t\t\t\t\t<input size=\"1\" type=\"text\" name=\"form_fields[name]\" id=\"form-field-name\" class=\"elementor-field elementor-size-sm  elementor-field-textual\" placeholder=\"Nome\">\n\t\t\t\t\t\t\t\t\t\t\t<\/div>\n\t\t\t\t\t\t\t\t<div class=\"elementor-field-type-email elementor-field-group elementor-column elementor-field-group-email elementor-col-100 elementor-field-required\">\n\t\t\t\t\t\t\t\t\t\t\t\t<label for=\"form-field-email\" class=\"elementor-field-label\">\n\t\t\t\t\t\t\t\tE-mail\t\t\t\t\t\t\t<\/label>\n\t\t\t\t\t\t\t\t\t\t\t\t\t\t<input size=\"1\" type=\"email\" name=\"form_fields[email]\" id=\"form-field-email\" class=\"elementor-field elementor-size-sm  elementor-field-textual\" placeholder=\"E-mail\" required=\"required\">\n\t\t\t\t\t\t\t\t\t\t\t<\/div>\n\t\t\t\t\t\t\t\t<div class=\"elementor-field-type-textarea elementor-field-group elementor-column elementor-field-group-message elementor-col-100\">\n\t\t\t\t\t\t\t\t\t\t\t\t<label for=\"form-field-message\" class=\"elementor-field-label\">\n\t\t\t\t\t\t\t\tMensagem\t\t\t\t\t\t\t<\/label>\n\t\t\t\t\t\t<textarea class=\"elementor-field-textual elementor-field  elementor-size-sm\" name=\"form_fields[message]\" id=\"form-field-message\" rows=\"4\" placeholder=\"Mensagem\"><\/textarea>\t\t\t\t<\/div>\n\t\t\t\t\t\t\t\t<div class=\"elementor-field-type-tel elementor-field-group elementor-column elementor-field-group-telefone elementor-col-100 elementor-field-required\">\n\t\t\t\t\t\t\t\t\t\t\t\t<label for=\"form-field-telefone\" class=\"elementor-field-label\">\n\t\t\t\t\t\t\t\tTelefone\t\t\t\t\t\t\t<\/label>\n\t\t\t\t\t\t\t\t<input size=\"1\" type=\"tel\" name=\"form_fields[telefone]\" id=\"form-field-telefone\" class=\"elementor-field elementor-size-sm  elementor-field-textual\" required=\"required\" pattern=\"[0-9()#&amp;+*-=.]+\" title=\"Apenas n\u00fameros e caracteres de telefone (#, -, *, etc.) s\u00e3o aceitos.\">\n\n\t\t\t\t\t\t<\/div>\n\t\t\t\t\t\t\t\t<div class=\"elementor-field-type-text elementor-field-group elementor-column elementor-field-group-area_terreno elementor-col-100 elementor-field-required\">\n\t\t\t\t\t\t\t\t\t\t\t\t<label for=\"form-field-area_terreno\" class=\"elementor-field-label\">\n\t\t\t\t\t\t\t\t\u00c1rea do Terreno\t\t\t\t\t\t\t<\/label>\n\t\t\t\t\t\t\t\t\t\t\t\t\t\t<input size=\"1\" type=\"text\" name=\"form_fields[area_terreno]\" id=\"form-field-area_terreno\" class=\"elementor-field elementor-size-sm  elementor-field-textual\" required=\"required\">\n\t\t\t\t\t\t\t\t\t\t\t<\/div>\n\t\t\t\t\t\t\t\t<div class=\"elementor-field-type-text elementor-field-group elementor-column elementor-field-group-endereco elementor-col-100 elementor-field-required\">\n\t\t\t\t\t\t\t\t\t\t\t\t<label for=\"form-field-endereco\" class=\"elementor-field-label\">\n\t\t\t\t\t\t\t\tEndere\u00e7o\t\t\t\t\t\t\t<\/label>\n\t\t\t\t\t\t\t\t\t\t\t\t\t\t<input size=\"1\" type=\"text\" name=\"form_fields[endereco]\" id=\"form-field-endereco\" class=\"elementor-field elementor-size-sm  elementor-field-textual\" required=\"required\">\n\t\t\t\t\t\t\t\t\t\t\t<\/div>\n\t\t\t\t\t\t\t\t<div class=\"elementor-field-type-text elementor-field-group elementor-column elementor-field-group-valor elementor-col-100\">\n\t\t\t\t\t\t\t\t\t\t\t\t<label for=\"form-field-valor\" class=\"elementor-field-label\">\n\t\t\t\t\t\t\t\tValor\t\t\t\t\t\t\t<\/label>\n\t\t\t\t\t\t\t\t\t\t\t\t\t\t<input size=\"1\" type=\"text\" name=\"form_fields[valor]\" id=\"form-field-valor\" class=\"elementor-field elementor-size-sm  elementor-field-textual\">\n\t\t\t\t\t\t\t\t\t\t\t<\/div>\n\t\t\t\t\t\t\t\t<div class=\"elementor-field-type-select elementor-field-group elementor-column elementor-field-group-permuta elementor-col-100 elementor-field-required\">\n\t\t\t\t\t\t\t\t\t\t\t\t<label for=\"form-field-permuta\" class=\"elementor-field-label\">\n\t\t\t\t\t\t\t\tAceita Permuta\t\t\t\t\t\t\t<\/label>\n\t\t\t\t\t\t\t\t<div class=\"elementor-field elementor-select-wrapper remove-before \">\n\t\t\t<div class=\"select-caret-down-wrapper\">\n\t\t\t\t<svg aria-hidden=\"true\" class=\"e-font-icon-svg e-eicon-caret-down\" viewBox=\"0 0 571.4 571.4\" xmlns=\"http:\/\/www.w3.org\/2000\/svg\"><path d=\"M571 393Q571 407 561 418L311 668Q300 679 286 679T261 668L11 418Q0 407 0 393T11 368 36 357H536Q550 357 561 368T571 393Z\"><\/path><\/svg>\t\t\t<\/div>\n\t\t\t<select name=\"form_fields[permuta]\" id=\"form-field-permuta\" class=\"elementor-field-textual elementor-size-sm\" required=\"required\">\n\t\t\t\t\t\t\t\t\t<option value=\"Sim\">Sim<\/option>\n\t\t\t\t\t\t\t\t\t<option value=\"N\u00e3o\">N\u00e3o<\/option>\n\t\t\t\t\t\t\t<\/select>\n\t\t<\/div>\n\t\t\t\t\t\t<\/div>\n\t\t\t\t\t\t\t\t<div class=\"elementor-field-group elementor-column elementor-field-type-submit elementor-col-100 e-form__buttons\">\n\t\t\t\t\t<button class=\"elementor-button elementor-size-md\" type=\"submit\" id=\"submit\">\n\t\t\t\t\t\t<span class=\"elementor-button-content-wrapper\">\n\t\t\t\t\t\t\t\t\t\t\t\t\t\t\t\t\t\t\t\t\t\t<span class=\"elementor-button-text\">Enviar<\/span>\n\t\t\t\t\t\t\t\t\t\t\t\t\t<\/span>\n\t\t\t\t\t<\/button>\n\t\t\t\t<\/div>\n\t\t\t<\/div>\n\t\t<\/form>\n\t\t\t\t\t\t<\/div>\n\t\t\t\t<\/div>\n\t\t\t\t\t<\/div>\n\t\t\t\t<\/div>\n\t\t\t\t<\/div>\n\t\t","protected":false},"excerpt":{"rendered":"<p>Compramos seu terreno Preencha este formul\u00e1rio simples e receba a apresenta\u00e7\u00e3o do empreendimento e muito mais!<\/p>\n","protected":false},"author":1,"featured_media":0,"parent":0,"menu_order":0,"comment_status":"closed","ping_status":"closed","template":"elementor_header_footer","meta":{"footnotes":""},"class_list":["post-1107","page","type-page","status-publish","hentry"],"yoast_head":"<!-- This site is optimized with the Yoast SEO plugin v27.4 - https:\/\/yoast.com\/product\/yoast-seo-wordpress\/ -->\n<title>Formul\u00e1rio Terreno - Construtora Bier<\/title>\n<meta name=\"robots\" content=\"index, follow, max-snippet:-1, max-image-preview:large, max-video-preview:-1\" \/>\n<link rel=\"canonical\" href=\"https:\/\/construtorabier.com.br\/site\/formulario-terreno\/\" \/>\n<meta property=\"og:locale\" content=\"pt_BR\" \/>\n<meta property=\"og:type\" content=\"article\" \/>\n<meta property=\"og:title\" content=\"Formul\u00e1rio Terreno - Construtora Bier\" \/>\n<meta property=\"og:description\" content=\"Compramos seu terreno Preencha este formul\u00e1rio simples e receba a apresenta\u00e7\u00e3o do empreendimento e muito mais!\" \/>\n<meta property=\"og:url\" content=\"https:\/\/construtorabier.com.br\/site\/formulario-terreno\/\" \/>\n<meta property=\"og:site_name\" content=\"Construtora Bier\" \/>\n<meta property=\"article:publisher\" content=\"https:\/\/www.facebook.com\/construtorabier\/\" \/>\n<meta property=\"article:modified_time\" content=\"2024-06-28T14:36:47+00:00\" \/>\n<meta name=\"twitter:card\" content=\"summary_large_image\" \/>\n<meta name=\"twitter:label1\" content=\"Est. tempo de leitura\" \/>\n\t<meta name=\"twitter:data1\" content=\"1 minuto\" \/>\n<script type=\"application\/ld+json\" class=\"yoast-schema-graph\">{\"@context\":\"https:\\\/\\\/schema.org\",\"@graph\":[{\"@type\":\"WebPage\",\"@id\":\"https:\\\/\\\/construtorabier.com.br\\\/site\\\/formulario-terreno\\\/\",\"url\":\"https:\\\/\\\/construtorabier.com.br\\\/site\\\/formulario-terreno\\\/\",\"name\":\"Formul\u00e1rio Terreno - Construtora Bier\",\"isPartOf\":{\"@id\":\"https:\\\/\\\/construtorabier.com.br\\\/site\\\/#website\"},\"datePublished\":\"2024-05-16T20:09:28+00:00\",\"dateModified\":\"2024-06-28T14:36:47+00:00\",\"breadcrumb\":{\"@id\":\"https:\\\/\\\/construtorabier.com.br\\\/site\\\/formulario-terreno\\\/#breadcrumb\"},\"inLanguage\":\"pt-BR\",\"potentialAction\":[{\"@type\":\"ReadAction\",\"target\":[\"https:\\\/\\\/construtorabier.com.br\\\/site\\\/formulario-terreno\\\/\"]}]},{\"@type\":\"BreadcrumbList\",\"@id\":\"https:\\\/\\\/construtorabier.com.br\\\/site\\\/formulario-terreno\\\/#breadcrumb\",\"itemListElement\":[{\"@type\":\"ListItem\",\"position\":1,\"name\":\"In\u00edcio\",\"item\":\"https:\\\/\\\/construtorabier.com.br\\\/site\\\/\"},{\"@type\":\"ListItem\",\"position\":2,\"name\":\"Formul\u00e1rio Terreno\"}]},{\"@type\":\"WebSite\",\"@id\":\"https:\\\/\\\/construtorabier.com.br\\\/site\\\/#website\",\"url\":\"https:\\\/\\\/construtorabier.com.br\\\/site\\\/\",\"name\":\"Construtora Bier\",\"description\":\"Im\u00f3veis de alto padr\u00e3o em Toledo\",\"publisher\":{\"@id\":\"https:\\\/\\\/construtorabier.com.br\\\/site\\\/#organization\"},\"potentialAction\":[{\"@type\":\"SearchAction\",\"target\":{\"@type\":\"EntryPoint\",\"urlTemplate\":\"https:\\\/\\\/construtorabier.com.br\\\/site\\\/?s={search_term_string}\"},\"query-input\":{\"@type\":\"PropertyValueSpecification\",\"valueRequired\":true,\"valueName\":\"search_term_string\"}}],\"inLanguage\":\"pt-BR\"},{\"@type\":\"Organization\",\"@id\":\"https:\\\/\\\/construtorabier.com.br\\\/site\\\/#organization\",\"name\":\"Construtora Bier\",\"url\":\"https:\\\/\\\/construtorabier.com.br\\\/site\\\/\",\"logo\":{\"@type\":\"ImageObject\",\"inLanguage\":\"pt-BR\",\"@id\":\"https:\\\/\\\/construtorabier.com.br\\\/site\\\/#\\\/schema\\\/logo\\\/image\\\/\",\"url\":\"https:\\\/\\\/construtorabier.com.br\\\/site\\\/wp-content\\\/uploads\\\/2024\\\/02\\\/Ativo-1@2x.png\",\"contentUrl\":\"https:\\\/\\\/construtorabier.com.br\\\/site\\\/wp-content\\\/uploads\\\/2024\\\/02\\\/Ativo-1@2x.png\",\"width\":2122,\"height\":626,\"caption\":\"Construtora Bier\"},\"image\":{\"@id\":\"https:\\\/\\\/construtorabier.com.br\\\/site\\\/#\\\/schema\\\/logo\\\/image\\\/\"},\"sameAs\":[\"https:\\\/\\\/www.facebook.com\\\/construtorabier\\\/\",\"https:\\\/\\\/www.instagram.com\\\/construtorabier\\\/\",\"https:\\\/\\\/www.linkedin.com\\\/company\\\/bier-construtora\\\/\"]}]}<\/script>\n<!-- \/ Yoast SEO plugin. -->","yoast_head_json":{"title":"Formul\u00e1rio Terreno - Construtora Bier","robots":{"index":"index","follow":"follow","max-snippet":"max-snippet:-1","max-image-preview":"max-image-preview:large","max-video-preview":"max-video-preview:-1"},"canonical":"https:\/\/construtorabier.com.br\/site\/formulario-terreno\/","og_locale":"pt_BR","og_type":"article","og_title":"Formul\u00e1rio Terreno - Construtora Bier","og_description":"Compramos seu terreno Preencha este formul\u00e1rio simples e receba a apresenta\u00e7\u00e3o do empreendimento e muito mais!","og_url":"https:\/\/construtorabier.com.br\/site\/formulario-terreno\/","og_site_name":"Construtora Bier","article_publisher":"https:\/\/www.facebook.com\/construtorabier\/","article_modified_time":"2024-06-28T14:36:47+00:00","twitter_card":"summary_large_image","twitter_misc":{"Est. tempo de leitura":"1 minuto"},"schema":{"@context":"https:\/\/schema.org","@graph":[{"@type":"WebPage","@id":"https:\/\/construtorabier.com.br\/site\/formulario-terreno\/","url":"https:\/\/construtorabier.com.br\/site\/formulario-terreno\/","name":"Formul\u00e1rio Terreno - Construtora Bier","isPartOf":{"@id":"https:\/\/construtorabier.com.br\/site\/#website"},"datePublished":"2024-05-16T20:09:28+00:00","dateModified":"2024-06-28T14:36:47+00:00","breadcrumb":{"@id":"https:\/\/construtorabier.com.br\/site\/formulario-terreno\/#breadcrumb"},"inLanguage":"pt-BR","potentialAction":[{"@type":"ReadAction","target":["https:\/\/construtorabier.com.br\/site\/formulario-terreno\/"]}]},{"@type":"BreadcrumbList","@id":"https:\/\/construtorabier.com.br\/site\/formulario-terreno\/#breadcrumb","itemListElement":[{"@type":"ListItem","position":1,"name":"In\u00edcio","item":"https:\/\/construtorabier.com.br\/site\/"},{"@type":"ListItem","position":2,"name":"Formul\u00e1rio Terreno"}]},{"@type":"WebSite","@id":"https:\/\/construtorabier.com.br\/site\/#website","url":"https:\/\/construtorabier.com.br\/site\/","name":"Construtora Bier","description":"Im\u00f3veis de alto padr\u00e3o em Toledo","publisher":{"@id":"https:\/\/construtorabier.com.br\/site\/#organization"},"potentialAction":[{"@type":"SearchAction","target":{"@type":"EntryPoint","urlTemplate":"https:\/\/construtorabier.com.br\/site\/?s={search_term_string}"},"query-input":{"@type":"PropertyValueSpecification","valueRequired":true,"valueName":"search_term_string"}}],"inLanguage":"pt-BR"},{"@type":"Organization","@id":"https:\/\/construtorabier.com.br\/site\/#organization","name":"Construtora Bier","url":"https:\/\/construtorabier.com.br\/site\/","logo":{"@type":"ImageObject","inLanguage":"pt-BR","@id":"https:\/\/construtorabier.com.br\/site\/#\/schema\/logo\/image\/","url":"https:\/\/construtorabier.com.br\/site\/wp-content\/uploads\/2024\/02\/Ativo-1@2x.png","contentUrl":"https:\/\/construtorabier.com.br\/site\/wp-content\/uploads\/2024\/02\/Ativo-1@2x.png","width":2122,"height":626,"caption":"Construtora Bier"},"image":{"@id":"https:\/\/construtorabier.com.br\/site\/#\/schema\/logo\/image\/"},"sameAs":["https:\/\/www.facebook.com\/construtorabier\/","https:\/\/www.instagram.com\/construtorabier\/","https:\/\/www.linkedin.com\/company\/bier-construtora\/"]}]}},"_links":{"self":[{"href":"https:\/\/construtorabier.com.br\/site\/wp-json\/wp\/v2\/pages\/1107","targetHints":{"allow":["GET"]}}],"collection":[{"href":"https:\/\/construtorabier.com.br\/site\/wp-json\/wp\/v2\/pages"}],"about":[{"href":"https:\/\/construtorabier.com.br\/site\/wp-json\/wp\/v2\/types\/page"}],"author":[{"embeddable":true,"href":"https:\/\/construtorabier.com.br\/site\/wp-json\/wp\/v2\/users\/1"}],"replies":[{"embeddable":true,"href":"https:\/\/construtorabier.com.br\/site\/wp-json\/wp\/v2\/comments?post=1107"}],"version-history":[{"count":16,"href":"https:\/\/construtorabier.com.br\/site\/wp-json\/wp\/v2\/pages\/1107\/revisions"}],"predecessor-version":[{"id":1434,"href":"https:\/\/construtorabier.com.br\/site\/wp-json\/wp\/v2\/pages\/1107\/revisions\/1434"}],"wp:attachment":[{"href":"https:\/\/construtorabier.com.br\/site\/wp-json\/wp\/v2\/media?parent=1107"}],"curies":[{"name":"wp","href":"https:\/\/api.w.org\/{rel}","templated":true}]}}